{"id":211,"date":"2022-01-09T10:58:24","date_gmt":"2022-01-09T09:58:24","guid":{"rendered":"http:\/\/philippemultiservices.ovh\/?page_id=211"},"modified":"2022-02-28T14:00:19","modified_gmt":"2022-02-28T13:00:19","slug":"travaux-interieur","status":"publish","type":"page","link":"https:\/\/philippemultiservices.ovh\/index.php\/travaux-interieur\/","title":{"rendered":"Travaux \u00ab\u00a0int\u00e9rieur\u00a0\u00bb"},"content":{"rendered":"\n<link rel=\"stylesheet\" href=\"http:\/\/philippemultiservices.ovh\/\/bootstrap.css\" screen=\"media\">\n<div class=\"content-element  content-12\" data-id=\"17\" data-type=\"home\">\n   <div class=\"content-element  content-6\" data-id=\"17\" data-type=\"home\">\n<div align=\"center\"><h1>\n<p>Cliquer sur les liens ci-dessous pour t\u00e9l\u00e9charger <\/p>\n<a class=\"btn btn-default btn-xs\" role=\"button\" center\"=\"\" title=\"num\u00e9ro de t\u00e9l\u00e9phone\" href=\"http:\/\/philippemultiservices.ovh\/images\/num_tel.png\" target=\"_blank\" rel=\"noopener\">  mon num\u00e9ro de t\u00e9l\u00e9phone\n<\/a><\/h1><\/div>\n<div align=\"center\"><a class=\"btn btn-default btn-xs\" role=\"button\" center\"=\"\" title=\"plaquette\" href=\"http:\/\/philippemultiservices.ovh\/philippemultiservices.pdf\" target=\"_blank\" rel=\"noopener\">\nla plaquette de pr\u00e9sentation<\/a><\/div>\n<div> &nbsp;&nbsp;&nbsp;&nbsp;&nbsp;<\/div>\n<\/div>\n <div class=\"content-element  content-6\" data-id=\"17\" data-type=\"home\">\n<div align=\"center\"><a class=\"btn btn-default btn-xs\" role=\"button\" center\"=\"\" title=\"contact\" href=\"http:\/\/philippemultiservices.ovh\/index.php\/contact\/\" target=\"_blank\" rel=\"noopener\">\nCliquer ici pour me contacter par mail<\/a><\/div>\n<div> &nbsp;&nbsp;&nbsp;&nbsp;&nbsp;<\/div>\n<div align=\"center\"><a class=\"btn btn-default btn-xs\" role=\"button\" center\"=\"\" title=\"intervention\" href=\"http:\/index.php\/zone-dintervention\/\/\" target=\"_blank\" rel=\"noopener\">\nZone d&rsquo;intervention<\/a><\/div>\n<div> &nbsp;&nbsp;&nbsp;&nbsp;&nbsp;<\/div><\/div><\/div>\n\n\n\n<link rel=\"stylesheet\" href=\"http:\/\/philippemultiservices.ovh\/\/bootstrap.css\" screen=\"media\">\n<div class=\"content-element  content-12\" data-id=\"17\" data-type=\"home\">\n<div class=\"panel-title\" align=\"center\">TRAVAUX INT\u00c9RIEUR<\/div>\n<div class=\"content-element  content-6\" data-id=\"17\" data-type=\"home\">\n\n<div class=\"panel-heading\">\n\n\n<div class=\"panel panel-title\">\n<ul>\n<li> <strong>Am\u00e9nagement <\/strong><ul>\n<li>Pose d&rsquo;\u00e9l\u00e9ments de cuisine<\/li>\n<li>Montage et d\u00e9montage de meubles<\/li>\n<li>Pose de tringles \u00e0 rideaux<\/li>\n<li> Fixation d&rsquo;\u00e9tag\u00e8res<\/li>\n<li> Installation de cabine de douche<\/li>\n<li> Installation de pare-baignoire et barre de douche <\/li>\n<li>Pose de miroir<\/li>\n<li>Pose de t\u00e9l\u00e9viseur au mur<\/li>\n<li>Pose d&rsquo;une hotte aspirante<\/li>\n<\/ul>\n<\/li><li> <strong>\u00c9lectricit\u00e9  <\/strong><ul>\n<li>Installation de prises \u00e9lectriques<\/li>\n<li>Pose de lampes et luminaires<\/li>\n<li>Installation de radiateurs \u00e9lectriques<\/li>\n<\/ul>\n<\/li><\/ul><\/div>\n<\/div>\n<\/div>\n\n\n<div class=\"content-element  content-6\" data-id=\"17\" data-type=\"home\">\n\n<div class=\"panel-heading\"><!---TITRE A MODIFIER-->\n\n\n<div class=\"panel panel-title\">\n\n<ul>\n\n<li> <strong>R\u00e9novation <\/strong><ul>\n<li>Peinture int\u00e9rieure du sol au plafond<\/li>\n<li> Pose de parquet<\/li>\n<li> Pose de dalle PVC<\/li>\n<li> Isolation fen\u00eatre<\/li>\n<li>Restauration de murs (enduit)<\/li>\n<\/ul><\/li>\n<li> <strong>Plomberie <\/strong><ul>\n<li>Mise en place d&rsquo;une chasse d&rsquo;eau<\/li>\n<li> Branchement d&rsquo;une machine \u00e0 laver ou d&rsquo;un\nlave vaisselle<\/li>\n<li>Installation de robinet, changement de bonde\nde douche<\/li>\n<li>Restauration silicone et joint de douche<\/li>\n<\/ul><\/li><\/ul>\n<div>&nbsp;<\/div>\n<\/div>\n<\/div>\n<\/div>\n<\/div>\n\n\n\n<div align=\"center\"> <h1> quelques unes de nos r\u00e9alisations <\/h1><\/div>\n\n\n\n<div align=\"center\"><div class='white' style='background:rgba(0,0,0,0); border:solid 0px rgba(0,0,0,0); border-radius:0px; padding:0px 0px 0px 0px;'>\n<div id='slider_755' class='owl-carousel sa_owl_theme owl-pagination-true autohide-arrows' data-slider-id='slider_755' style='visibility:hidden;'>\n<div id='slider_755_slide01' class='sa_hover_container' style='padding:5% 5%; margin:0px 0%; '><p><img class=\"alignnone wp-image-650 size-medium\" src=\"http:\/\/philippemultiservices.ovh\/wp-content\/uploads\/2022\/01\/20170104_170319-1-300x225.jpg\" alt=\"cuisine\" width=\"400\" height=\"300\" \/><\/p>\r\n<p>Montage de cuisine<\/p><\/div>\n<div id='slider_755_slide02' class='sa_hover_container' style='padding:5% 5%; margin:0px 0%; '><p>&nbsp;<\/p>\r\n<p><img class=\"size-medium wp-image-643\" src=\"http:\/\/philippemultiservices.ovh\/wp-content\/uploads\/2022\/01\/20160830_112432-300x225.jpg\" alt=\"\" width=\"300\" height=\"225\" \/><\/p>\r\n<p>Montage de cuisine<\/p><\/div>\n<div id='slider_755_slide03' class='sa_hover_container' style='padding:5% 5%; margin:0px 0%; '><p><img class=\"size-medium wp-image-648\" src=\"http:\/\/philippemultiservices.ovh\/wp-content\/uploads\/2022\/01\/IMG-20201214-WA0009-169x300.jpg\" alt=\"\" width=\"169\" height=\"300\" \/><\/p>\r\n<p>Montage cuisine<\/p><\/div>\n<div id='slider_755_slide04' class='sa_hover_container' style='padding:5% 5%; margin:0px 0%; '><p><img class=\"alignnone size-medium wp-image-335\" src=\"http:\/\/philippemultiservices.ovh\/wp-content\/uploads\/2022\/01\/20201001_131524-300x169.jpg\" alt=\"\" width=\"300\" height=\"169\" \/><\/p>\r\n<p>Montage de cuisine<\/p><\/div>\n<div id='slider_755_slide05' class='sa_hover_container' style='padding:5% 5%; margin:0px 0%; '><p><img class=\"size-medium wp-image-690 aligncenter\" src=\"http:\/\/philippemultiservices.ovh\/wp-content\/uploads\/2022\/01\/20181209_130728-169x300.jpg\" alt=\"\" width=\"169\" height=\"300\" \/><\/p>\r\n<p>Montage de portes de placard<\/p><\/div>\n<div id='slider_755_slide06' class='sa_hover_container' style='padding:5% 5%; margin:0px 0%; '><p><img class=\"size-medium wp-image-689 aligncenter\" src=\"http:\/\/philippemultiservices.ovh\/wp-content\/uploads\/2022\/01\/20181208_152036-169x300.jpg\" alt=\"\" width=\"169\" height=\"300\" \/><\/p>\r\n<p style=\"text-align: center;\">Montage porte de placard<\/p><\/div>\n<\/div>\n<\/div>\n<script type='text\/javascript'>\n\tjQuery(document).ready(function() {\n\t\tjQuery('#slider_755').owlCarousel({\n\t\t\titems : 1,\n\t\t\tsmartSpeed : 200,\n\t\t\tautoplay : true,\n\t\t\tautoplayTimeout : 3200,\n\t\t\tautoplayHoverPause : true,\n\t\t\tsmartSpeed : 200,\n\t\t\tfluidSpeed : 200,\n\t\t\tautoplaySpeed : 200,\n\t\t\tnavSpeed : 200,\n\t\t\tdotsSpeed : 200,\n\t\t\tloop : true,\n\t\t\tnav : true,\n\t\t\tnavText : ['Previous','Next'],\n\t\t\tdots : true,\n\t\t\tresponsiveRefreshRate : 200,\n\t\t\tslideBy : 1,\n\t\t\tmergeFit : true,\n\t\t\tautoHeight : false,\n\t\t\tmouseDrag : false,\n\t\t\ttouchDrag : false\n\t\t});\n\t\tjQuery('#slider_755').css('visibility', 'visible');\n\t\tsa_resize_slider_755();\n\t\twindow.addEventListener('resize', sa_resize_slider_755);\n\t\tfunction sa_resize_slider_755() {\n\t\t\tvar min_height = '50';\n\t\t\tvar win_width = jQuery(window).width();\n\t\t\tvar slider_width = jQuery('#slider_755').width();\n\t\t\tif (win_width < 480) {\n\t\t\t\tvar slide_width = slider_width \/ 1;\n\t\t\t} else if (win_width < 768) {\n\t\t\t\tvar slide_width = slider_width \/ 1;\n\t\t\t} else if (win_width < 980) {\n\t\t\t\tvar slide_width = slider_width \/ 1;\n\t\t\t} else if (win_width < 1200) {\n\t\t\t\tvar slide_width = slider_width \/ 1;\n\t\t\t} else if (win_width < 1500) {\n\t\t\t\tvar slide_width = slider_width \/ 1;\n\t\t\t} else {\n\t\t\t\tvar slide_width = slider_width \/ 1;\n\t\t\t}\n\t\t\tslide_width = Math.round(slide_width);\n\t\t\tvar slide_height = '0';\n\t\t\tif (min_height == 'aspect43') {\n\t\t\t\tslide_height = (slide_width \/ 4) * 3;\t\t\t\tslide_height = Math.round(slide_height);\n\t\t\t} else if (min_height == 'aspect169') {\n\t\t\t\tslide_height = (slide_width \/ 16) * 9;\t\t\t\tslide_height = Math.round(slide_height);\n\t\t\t} else {\n\t\t\t\tslide_height = (slide_width \/ 100) * min_height;\t\t\t\tslide_height = Math.round(slide_height);\n\t\t\t}\n\t\t\tjQuery('#slider_755 .owl-item .sa_hover_container').css('min-height', slide_height+'px');\n\t\t}\n\t\tvar owl_goto = jQuery('#slider_755');\n\t\tjQuery('.slider_755_goto1').click(function(event){\n\t\t\towl_goto.trigger('to.owl.carousel', 0);\n\t\t});\n\t\tjQuery('.slider_755_goto2').click(function(event){\n\t\t\towl_goto.trigger('to.owl.carousel', 1);\n\t\t});\n\t\tjQuery('.slider_755_goto3').click(function(event){\n\t\t\towl_goto.trigger('to.owl.carousel', 2);\n\t\t});\n\t\tjQuery('.slider_755_goto4').click(function(event){\n\t\t\towl_goto.trigger('to.owl.carousel', 3);\n\t\t});\n\t\tjQuery('.slider_755_goto5').click(function(event){\n\t\t\towl_goto.trigger('to.owl.carousel', 4);\n\t\t});\n\t\tjQuery('.slider_755_goto6').click(function(event){\n\t\t\towl_goto.trigger('to.owl.carousel', 5);\n\t\t});\n\t\tvar resize_755 = jQuery('.owl-carousel');\n\t\tresize_755.on('initialized.owl.carousel', function(e) {\n\t\t\tif (typeof(Event) === 'function') {\n\t\t\t\twindow.dispatchEvent(new Event('resize'));\n\t\t\t} else {\n\t\t\t\tvar evt = window.document.createEvent('UIEvents');\n\t\t\t\tevt.initUIEvent('resize', true, false, window, 0);\n\t\t\t\twindow.dispatchEvent(evt);\n\t\t\t}\n\t\t});\n\t});\n<\/script>\n<\/div>\n\n\n\n<figure class=\"wp-block-gallery columns-0 is-cropped\"><ul class=\"blocks-gallery-grid\"><\/ul><\/figure>\n","protected":false},"excerpt":{"rendered":"<p>TRAVAUX INT\u00c9RIEUR Am\u00e9nagement Pose d&rsquo;\u00e9l\u00e9ments de cuisine Montage et d\u00e9montage de meubles Pose de tringles \u00e0 rideaux Fixation d&rsquo;\u00e9tag\u00e8res Installation de cabine de douche Installation de pare-baignoire et barre de douche Pose de miroir Pose de t\u00e9l\u00e9viseur au mur Pose d&rsquo;une hotte aspirante \u00c9lectricit\u00e9 Installation de prises \u00e9lectriques Pose de lampes et luminaires Installation de [&hellip;]<\/p>\n","protected":false},"author":1,"featured_media":0,"parent":0,"menu_order":0,"comment_status":"closed","ping_status":"closed","template":"","meta":[],"_links":{"self":[{"href":"https:\/\/philippemultiservices.ovh\/index.php\/wp-json\/wp\/v2\/pages\/211"}],"collection":[{"href":"https:\/\/philippemultiservices.ovh\/index.php\/wp-json\/wp\/v2\/pages"}],"about":[{"href":"https:\/\/philippemultiservices.ovh\/index.php\/wp-json\/wp\/v2\/types\/page"}],"author":[{"embeddable":true,"href":"https:\/\/philippemultiservices.ovh\/index.php\/wp-json\/wp\/v2\/users\/1"}],"replies":[{"embeddable":true,"href":"https:\/\/philippemultiservices.ovh\/index.php\/wp-json\/wp\/v2\/comments?post=211"}],"version-history":[{"count":50,"href":"https:\/\/philippemultiservices.ovh\/index.php\/wp-json\/wp\/v2\/pages\/211\/revisions"}],"predecessor-version":[{"id":878,"href":"https:\/\/philippemultiservices.ovh\/index.php\/wp-json\/wp\/v2\/pages\/211\/revisions\/878"}],"wp:attachment":[{"href":"https:\/\/philippemultiservices.ovh\/index.php\/wp-json\/wp\/v2\/media?parent=211"}],"curies":[{"name":"wp","href":"https:\/\/api.w.org\/{rel}","templated":true}]}}