{"id":215,"date":"2022-01-09T11:02:10","date_gmt":"2022-01-09T10:02:10","guid":{"rendered":"http:\/\/philippemultiservices.ovh\/?page_id=215"},"modified":"2022-02-28T14:02:13","modified_gmt":"2022-02-28T13:02:13","slug":"travaux-amenagement-exterieur","status":"publish","type":"page","link":"https:\/\/philippemultiservices.ovh\/index.php\/travaux-amenagement-exterieur\/","title":{"rendered":"Travaux am\u00e9nagement ext\u00e9rieur"},"content":{"rendered":"\n<link rel=\"stylesheet\" href=\"http:\/\/philippemultiservices.ovh\/\/bootstrap.css\" screen=\"media\">\n<div class=\"content-element  content-12\" data-id=\"17\" data-type=\"home\">\n   <div class=\"content-element  content-6\" data-id=\"17\" data-type=\"home\">\n<div align=\"center\"><h1>\n<p>Cliquer sur les liens ci-dessous pour t\u00e9l\u00e9charger <\/p>\n<a class=\"btn btn-default btn-xs\" role=\"button\" center\"=\"\" title=\"num\u00e9ro de t\u00e9l\u00e9phone\" href=\"http:\/\/philippemultiservices.ovh\/images\/num_tel.png\" target=\"_blank\" rel=\"noopener\">  mon num\u00e9ro de t\u00e9l\u00e9phone\n<\/a><\/h1><\/div>\n<div align=\"center\"><a class=\"btn btn-default btn-xs\" role=\"button\" center\"=\"\" title=\"plaquette\" href=\"http:\/\/philippemultiservices.ovh\/philippemultiservices.pdf\" target=\"_blank\" rel=\"noopener\">\nla plaquette de pr\u00e9sentation<\/a><\/div>\n<div> &nbsp;&nbsp;&nbsp;&nbsp;&nbsp;<\/div>\n<\/div>\n <div class=\"content-element  content-6\" data-id=\"17\" data-type=\"home\">\n<div align=\"center\"><a class=\"btn btn-default btn-xs\" role=\"button\" center\"=\"\" title=\"contact\" href=\"http:\/\/philippemultiservices.ovh\/index.php\/contact\/\" target=\"_blank\" rel=\"noopener\">\nCliquer ici pour me contacter par mail<\/a><\/div>\n<div> &nbsp;&nbsp;&nbsp;&nbsp;&nbsp;<\/div>\n<div align=\"center\"><a class=\"btn btn-default btn-xs\" role=\"button\" center\"=\"\" title=\"intervention\" href=\"http:\/index.php\/zone-dintervention\/\/\" target=\"_blank\" rel=\"noopener\">\nZone d&rsquo;intervention<\/a><\/div>\n<div> &nbsp;&nbsp;&nbsp;&nbsp;&nbsp;<\/div><\/div><\/div>\n\n\n\n\n\n<link rel=\"stylesheet\" href=\"http:\/\/philippemultiservices.ovh\/\/bootstrap.css\" screen=\"media\">\n<div class=\"content-element  content-12\" data-id=\"17\" data-type=\"home\">\n<div class=\"content-element  content-6\" data-id=\"17\" data-type=\"home\">\n\n<div class=\"panel-heading\"><!---TITRE A MODIFIER-->\n<p>&nbsp;<\/p>\n<div class=\"panel-title\" align=\"center\">TRAVAUX AM\u00c9NAGEMENT EXT\u00c9RIEUR<\/div>\n<div class=\"panel panel-title\">\n<ul>\n<li>D\u00e9capage bois<\/li>\n<li>Abris de jardin : montage<\/li>\n<li>Peinture abris de jardin ou volets<\/li>\n<li>Entretien piscine<\/li>\n<li> Nettoyage goutti\u00e8re<\/li>\n<li> Installation d&rsquo;un r\u00e9cup\u00e9rateur d&rsquo;eau ou d&rsquo;un\ncomposteur<\/li>\n<li> Mise en place d&rsquo;un arrosage automatique <\/li>\n<li>Montage de mobilier de jardin<\/li>\n<\/ul>\n<div>&nbsp;<\/div>\n<\/div>\n<\/div>\n<\/div>\n<div class=\"content-element  content-6\" data-id=\"17\" data-type=\"home\">\n<div class=\"panel panel-default relative\">\n\n<p>&nbsp;<\/p>\n<div class=\"panel-title\" align=\"center\"><\/div>\n\n<div align=\"center\"><div class='white' style='background:rgba(0,0,0,0); border:solid 0px rgba(0,0,0,0); border-radius:0px; padding:0px 0px 0px 0px;'>\n<div id='slider_768' class='owl-carousel sa_owl_theme owl-pagination-true autohide-arrows' data-slider-id='slider_768' style='visibility:hidden;'>\n<div id='slider_768_slide01' class='sa_hover_container' style='padding:5% 5%; margin:0px 0%; '><p><img class=\"wp-image-700 size-medium\" src=\"http:\/\/philippemultiservices.ovh\/wp-content\/uploads\/2022\/01\/20200405_125140-1-300x169.jpg\" alt=\"\" width=\"300\" height=\"169\" \/><\/p>\r\n<p>Am\u00e9nagement jardin<\/p><\/div>\n<div id='slider_768_slide02' class='sa_hover_container' style='padding:5% 5%; margin:0px 0%; '><p><img class=\"wp-image-694 size-medium\" src=\"http:\/\/philippemultiservices.ovh\/wp-content\/uploads\/2022\/01\/20171028_140010-169x300.jpg\" alt=\"\" width=\"169\" height=\"300\" \/><\/p>\r\n<p>Construction abri bois<\/p><\/div>\n<div id='slider_768_slide03' class='sa_hover_container' style='padding:5% 5%; margin:0px 0%; '><p><img class=\"alignnone size-medium wp-image-625 aligncenter\" src=\"http:\/\/philippemultiservices.ovh\/wp-content\/uploads\/2022\/01\/20190913_181428-1-300x169.jpg\" alt=\"\" width=\"300\" height=\"169\" \/><\/p>\r\n<p>Installation de palissade<\/p><\/div>\n<div id='slider_768_slide04' class='sa_hover_container' style='padding:5% 5%; margin:0px 0%; '><p><img class=\"alignnone size-medium wp-image-797\" src=\"http:\/\/philippemultiservices.ovh\/wp-content\/uploads\/2022\/02\/montage-300x259.png\" alt=\"\" width=\"300\" height=\"259\" \/><\/p>\r\n<p>Montage cabane de jardin<\/p><\/div>\n<\/div>\n<\/div>\n<script type='text\/javascript'>\n\tjQuery(document).ready(function() {\n\t\tjQuery('#slider_768').owlCarousel({\n\t\t\titems : 1,\n\t\t\tsmartSpeed : 200,\n\t\t\tautoplay : true,\n\t\t\tautoplayTimeout : 3200,\n\t\t\tautoplayHoverPause : true,\n\t\t\tsmartSpeed : 200,\n\t\t\tfluidSpeed : 200,\n\t\t\tautoplaySpeed : 200,\n\t\t\tnavSpeed : 200,\n\t\t\tdotsSpeed : 200,\n\t\t\tloop : true,\n\t\t\tnav : true,\n\t\t\tnavText : ['Previous','Next'],\n\t\t\tdots : true,\n\t\t\tresponsiveRefreshRate : 200,\n\t\t\tslideBy : 1,\n\t\t\tmergeFit : true,\n\t\t\tautoHeight : false,\n\t\t\tmouseDrag : false,\n\t\t\ttouchDrag : true\n\t\t});\n\t\tjQuery('#slider_768').css('visibility', 'visible');\n\t\tsa_resize_slider_768();\n\t\twindow.addEventListener('resize', sa_resize_slider_768);\n\t\tfunction sa_resize_slider_768() {\n\t\t\tvar min_height = '50';\n\t\t\tvar win_width = jQuery(window).width();\n\t\t\tvar slider_width = jQuery('#slider_768').width();\n\t\t\tif (win_width < 480) {\n\t\t\t\tvar slide_width = slider_width \/ 1;\n\t\t\t} else if (win_width < 768) {\n\t\t\t\tvar slide_width = slider_width \/ 1;\n\t\t\t} else if (win_width < 980) {\n\t\t\t\tvar slide_width = slider_width \/ 1;\n\t\t\t} else if (win_width < 1200) {\n\t\t\t\tvar slide_width = slider_width \/ 1;\n\t\t\t} else if (win_width < 1500) {\n\t\t\t\tvar slide_width = slider_width \/ 1;\n\t\t\t} else {\n\t\t\t\tvar slide_width = slider_width \/ 1;\n\t\t\t}\n\t\t\tslide_width = Math.round(slide_width);\n\t\t\tvar slide_height = '0';\n\t\t\tif (min_height == 'aspect43') {\n\t\t\t\tslide_height = (slide_width \/ 4) * 3;\t\t\t\tslide_height = Math.round(slide_height);\n\t\t\t} else if (min_height == 'aspect169') {\n\t\t\t\tslide_height = (slide_width \/ 16) * 9;\t\t\t\tslide_height = Math.round(slide_height);\n\t\t\t} else {\n\t\t\t\tslide_height = (slide_width \/ 100) * min_height;\t\t\t\tslide_height = Math.round(slide_height);\n\t\t\t}\n\t\t\tjQuery('#slider_768 .owl-item .sa_hover_container').css('min-height', slide_height+'px');\n\t\t}\n\t\tvar owl_goto = jQuery('#slider_768');\n\t\tjQuery('.slider_768_goto1').click(function(event){\n\t\t\towl_goto.trigger('to.owl.carousel', 0);\n\t\t});\n\t\tjQuery('.slider_768_goto2').click(function(event){\n\t\t\towl_goto.trigger('to.owl.carousel', 1);\n\t\t});\n\t\tjQuery('.slider_768_goto3').click(function(event){\n\t\t\towl_goto.trigger('to.owl.carousel', 2);\n\t\t});\n\t\tjQuery('.slider_768_goto4').click(function(event){\n\t\t\towl_goto.trigger('to.owl.carousel', 3);\n\t\t});\n\t\tvar resize_768 = jQuery('.owl-carousel');\n\t\tresize_768.on('initialized.owl.carousel', function(e) {\n\t\t\tif (typeof(Event) === 'function') {\n\t\t\t\twindow.dispatchEvent(new Event('resize'));\n\t\t\t} else {\n\t\t\t\tvar evt = window.document.createEvent('UIEvents');\n\t\t\t\tevt.initUIEvent('resize', true, false, window, 0);\n\t\t\t\twindow.dispatchEvent(evt);\n\t\t\t}\n\t\t});\n\t});\n<\/script>\n<\/div>\n<\/div>\n<\/div>\n<\/div>\n\n\n\n<div> &nbsp;&nbsp;&nbsp;&nbsp;&nbsp;<\/div>\n\n\n\n<div align=\"center\"><div class='white' style='background:rgba(0,0,0,0); border:solid 0px rgba(0,0,0,0); border-radius:0px; padding:0px 0px 0px 0px;'>\n<div id='slider_768' class='owl-carousel sa_owl_theme owl-pagination-true autohide-arrows' data-slider-id='slider_768' style='visibility:hidden;'>\n<div id='slider_768_slide01' class='sa_hover_container' style='padding:5% 5%; margin:0px 0%; '><p><img class=\"wp-image-700 size-medium\" src=\"http:\/\/philippemultiservices.ovh\/wp-content\/uploads\/2022\/01\/20200405_125140-1-300x169.jpg\" alt=\"\" width=\"300\" height=\"169\" \/><\/p>\r\n<p>Am\u00e9nagement jardin<\/p><\/div>\n<div id='slider_768_slide02' class='sa_hover_container' style='padding:5% 5%; margin:0px 0%; '><p><img class=\"wp-image-694 size-medium\" src=\"http:\/\/philippemultiservices.ovh\/wp-content\/uploads\/2022\/01\/20171028_140010-169x300.jpg\" alt=\"\" width=\"169\" height=\"300\" \/><\/p>\r\n<p>Construction abri bois<\/p><\/div>\n<div id='slider_768_slide03' class='sa_hover_container' style='padding:5% 5%; margin:0px 0%; '><p><img class=\"alignnone size-medium wp-image-625 aligncenter\" src=\"http:\/\/philippemultiservices.ovh\/wp-content\/uploads\/2022\/01\/20190913_181428-1-300x169.jpg\" alt=\"\" width=\"300\" height=\"169\" \/><\/p>\r\n<p>Installation de palissade<\/p><\/div>\n<div id='slider_768_slide04' class='sa_hover_container' style='padding:5% 5%; margin:0px 0%; '><p><img class=\"alignnone size-medium wp-image-797\" src=\"http:\/\/philippemultiservices.ovh\/wp-content\/uploads\/2022\/02\/montage-300x259.png\" alt=\"\" width=\"300\" height=\"259\" \/><\/p>\r\n<p>Montage cabane de jardin<\/p><\/div>\n<\/div>\n<\/div>\n<script type='text\/javascript'>\n\tjQuery(document).ready(function() {\n\t\tjQuery('#slider_768').owlCarousel({\n\t\t\titems : 1,\n\t\t\tsmartSpeed : 200,\n\t\t\tautoplay : true,\n\t\t\tautoplayTimeout : 3200,\n\t\t\tautoplayHoverPause : true,\n\t\t\tsmartSpeed : 200,\n\t\t\tfluidSpeed : 200,\n\t\t\tautoplaySpeed : 200,\n\t\t\tnavSpeed : 200,\n\t\t\tdotsSpeed : 200,\n\t\t\tloop : true,\n\t\t\tnav : true,\n\t\t\tnavText : ['Previous','Next'],\n\t\t\tdots : true,\n\t\t\tresponsiveRefreshRate : 200,\n\t\t\tslideBy : 1,\n\t\t\tmergeFit : true,\n\t\t\tautoHeight : false,\n\t\t\tmouseDrag : false,\n\t\t\ttouchDrag : true\n\t\t});\n\t\tjQuery('#slider_768').css('visibility', 'visible');\n\t\tsa_resize_slider_768();\n\t\twindow.addEventListener('resize', sa_resize_slider_768);\n\t\tfunction sa_resize_slider_768() {\n\t\t\tvar min_height = '50';\n\t\t\tvar win_width = jQuery(window).width();\n\t\t\tvar slider_width = jQuery('#slider_768').width();\n\t\t\tif (win_width < 480) {\n\t\t\t\tvar slide_width = slider_width \/ 1;\n\t\t\t} else if (win_width < 768) {\n\t\t\t\tvar slide_width = slider_width \/ 1;\n\t\t\t} else if (win_width < 980) {\n\t\t\t\tvar slide_width = slider_width \/ 1;\n\t\t\t} else if (win_width < 1200) {\n\t\t\t\tvar slide_width = slider_width \/ 1;\n\t\t\t} else if (win_width < 1500) {\n\t\t\t\tvar slide_width = slider_width \/ 1;\n\t\t\t} else {\n\t\t\t\tvar slide_width = slider_width \/ 1;\n\t\t\t}\n\t\t\tslide_width = Math.round(slide_width);\n\t\t\tvar slide_height = '0';\n\t\t\tif (min_height == 'aspect43') {\n\t\t\t\tslide_height = (slide_width \/ 4) * 3;\t\t\t\tslide_height = Math.round(slide_height);\n\t\t\t} else if (min_height == 'aspect169') {\n\t\t\t\tslide_height = (slide_width \/ 16) * 9;\t\t\t\tslide_height = Math.round(slide_height);\n\t\t\t} else {\n\t\t\t\tslide_height = (slide_width \/ 100) * min_height;\t\t\t\tslide_height = Math.round(slide_height);\n\t\t\t}\n\t\t\tjQuery('#slider_768 .owl-item .sa_hover_container').css('min-height', slide_height+'px');\n\t\t}\n\t\tvar owl_goto = jQuery('#slider_768');\n\t\tjQuery('.slider_768_goto1').click(function(event){\n\t\t\towl_goto.trigger('to.owl.carousel', 0);\n\t\t});\n\t\tjQuery('.slider_768_goto2').click(function(event){\n\t\t\towl_goto.trigger('to.owl.carousel', 1);\n\t\t});\n\t\tjQuery('.slider_768_goto3').click(function(event){\n\t\t\towl_goto.trigger('to.owl.carousel', 2);\n\t\t});\n\t\tjQuery('.slider_768_goto4').click(function(event){\n\t\t\towl_goto.trigger('to.owl.carousel', 3);\n\t\t});\n\t\tvar resize_768 = jQuery('.owl-carousel');\n\t\tresize_768.on('initialized.owl.carousel', function(e) {\n\t\t\tif (typeof(Event) === 'function') {\n\t\t\t\twindow.dispatchEvent(new Event('resize'));\n\t\t\t} else {\n\t\t\t\tvar evt = window.document.createEvent('UIEvents');\n\t\t\t\tevt.initUIEvent('resize', true, false, window, 0);\n\t\t\t\twindow.dispatchEvent(evt);\n\t\t\t}\n\t\t});\n\t});\n<\/script>\n<\/div>\n","protected":false},"excerpt":{"rendered":"<p>&nbsp; TRAVAUX AM\u00c9NAGEMENT EXT\u00c9RIEUR D\u00e9capage bois Abris de jardin : montage Peinture abris de jardin ou volets Entretien piscine Nettoyage goutti\u00e8re Installation d&rsquo;un r\u00e9cup\u00e9rateur d&rsquo;eau ou d&rsquo;un composteur Mise en place d&rsquo;un arrosage automatique Montage de mobilier de jardin &nbsp; &nbsp; &nbsp;&nbsp;&nbsp;&nbsp;&nbsp;<\/p>\n","protected":false},"author":1,"featured_media":0,"parent":0,"menu_order":0,"comment_status":"closed","ping_status":"closed","template":"","meta":[],"_links":{"self":[{"href":"https:\/\/philippemultiservices.ovh\/index.php\/wp-json\/wp\/v2\/pages\/215"}],"collection":[{"href":"https:\/\/philippemultiservices.ovh\/index.php\/wp-json\/wp\/v2\/pages"}],"about":[{"href":"https:\/\/philippemultiservices.ovh\/index.php\/wp-json\/wp\/v2\/types\/page"}],"author":[{"embeddable":true,"href":"https:\/\/philippemultiservices.ovh\/index.php\/wp-json\/wp\/v2\/users\/1"}],"replies":[{"embeddable":true,"href":"https:\/\/philippemultiservices.ovh\/index.php\/wp-json\/wp\/v2\/comments?post=215"}],"version-history":[{"count":21,"href":"https:\/\/philippemultiservices.ovh\/index.php\/wp-json\/wp\/v2\/pages\/215\/revisions"}],"predecessor-version":[{"id":880,"href":"https:\/\/philippemultiservices.ovh\/index.php\/wp-json\/wp\/v2\/pages\/215\/revisions\/880"}],"wp:attachment":[{"href":"https:\/\/philippemultiservices.ovh\/index.php\/wp-json\/wp\/v2\/media?parent=215"}],"curies":[{"name":"wp","href":"https:\/\/api.w.org\/{rel}","templated":true}]}}