{"id":277,"date":"2022-01-10T16:35:23","date_gmt":"2022-01-10T15:35:23","guid":{"rendered":"http:\/\/philippemultiservices.ovh\/?page_id=277"},"modified":"2022-02-28T14:03:34","modified_gmt":"2022-02-28T13:03:34","slug":"realisation","status":"publish","type":"page","link":"https:\/\/philippemultiservices.ovh\/index.php\/realisation\/","title":{"rendered":"R\u00e9alisation"},"content":{"rendered":"\n<link rel=\"stylesheet\" href=\"http:\/\/philippemultiservices.ovh\/\/bootstrap.css\" screen=\"media\">\n<div class=\"content-element  content-12\" data-id=\"17\" data-type=\"home\">\n   <div class=\"content-element  content-6\" data-id=\"17\" data-type=\"home\">\n<div align=\"center\"><h1>\n<p>Cliquer sur les liens ci-dessous pour t\u00e9l\u00e9charger <\/p>\n<a class=\"btn btn-default btn-xs\" role=\"button\" center\"=\"\" title=\"num\u00e9ro de t\u00e9l\u00e9phone\" href=\"http:\/\/philippemultiservices.ovh\/images\/num_tel.png\" target=\"_blank\" rel=\"noopener\">  mon num\u00e9ro de t\u00e9l\u00e9phone\n<\/a><\/h1><\/div>\n<div align=\"center\"><a class=\"btn btn-default btn-xs\" role=\"button\" center\"=\"\" title=\"plaquette\" href=\"http:\/\/philippemultiservices.ovh\/philippemultiservices.pdf\" target=\"_blank\" rel=\"noopener\">\nla plaquette de pr\u00e9sentation<\/a><\/div>\n<div> &nbsp;&nbsp;&nbsp;&nbsp;&nbsp;<\/div>\n<\/div>\n <div class=\"content-element  content-6\" data-id=\"17\" data-type=\"home\">\n<div align=\"center\"><a class=\"btn btn-default btn-xs\" role=\"button\" center\"=\"\" title=\"contact\" href=\"http:\/\/philippemultiservices.ovh\/index.php\/contact\/\" target=\"_blank\" rel=\"noopener\">\nCliquer ici pour me contacter par mail<\/a><\/div>\n<div> &nbsp;&nbsp;&nbsp;&nbsp;&nbsp;<\/div>\n<div align=\"center\"><a class=\"btn btn-default btn-xs\" role=\"button\" center\"=\"\" title=\"intervention\" href=\"http:\/index.php\/zone-dintervention\/\/\" target=\"_blank\" rel=\"noopener\">\nZone d&rsquo;intervention<\/a><\/div>\n<div> &nbsp;&nbsp;&nbsp;&nbsp;&nbsp;<\/div><\/div><\/div>\n\n\n\n<p class=\"has-text-align-center\">Suivez nous sur Instagram<\/p>\n\n\n\n<div id=\"sb_instagram\" class=\"sbi sbi_col_4  sbi_width_resp\" style=\"padding-bottom: 10px;width: 100%;\" data-feedid=\"sbi_17841451182846739#20\" data-res=\"auto\" data-cols=\"4\" data-num=\"20\" data-shortcode-atts=\"{}\"  data-postid=\"277\" data-locatornonce=\"3399d65717\" data-sbi-flags=\"favorLocal\">\n\t\n\t<div id=\"sbi_images\" style=\"padding: 5px;\">\n\t\t\t<\/div>\n\n\t<div id=\"sbi_load\">\n\n\t\n\t    <span class=\"sbi_follow_btn\">\n        <a href=\"https:\/\/www.instagram.com\/philippemultiservices37\/\" target=\"_blank\" rel=\"noopener nofollow\"><svg class=\"svg-inline--fa fa-instagram fa-w-14\" aria-hidden=\"true\" data-fa-processed=\"\" aria-label=\"Instagram\" data-prefix=\"fab\" data-icon=\"instagram\" role=\"img\" viewBox=\"0 0 448 512\">\n\t                <path fill=\"currentColor\" d=\"M224.1 141c-63.6 0-114.9 51.3-114.9 114.9s51.3 114.9 114.9 114.9S339 319.5 339 255.9 287.7 141 224.1 141zm0 189.6c-41.1 0-74.7-33.5-74.7-74.7s33.5-74.7 74.7-74.7 74.7 33.5 74.7 74.7-33.6 74.7-74.7 74.7zm146.4-194.3c0 14.9-12 26.8-26.8 26.8-14.9 0-26.8-12-26.8-26.8s12-26.8 26.8-26.8 26.8 12 26.8 26.8zm76.1 27.2c-1.7-35.9-9.9-67.7-36.2-93.9-26.2-26.2-58-34.4-93.9-36.2-37-2.1-147.9-2.1-184.9 0-35.8 1.7-67.6 9.9-93.9 36.1s-34.4 58-36.2 93.9c-2.1 37-2.1 147.9 0 184.9 1.7 35.9 9.9 67.7 36.2 93.9s58 34.4 93.9 36.2c37 2.1 147.9 2.1 184.9 0 35.9-1.7 67.7-9.9 93.9-36.2 26.2-26.2 34.4-58 36.2-93.9 2.1-37 2.1-147.8 0-184.8zM398.8 388c-7.8 19.6-22.9 34.7-42.6 42.6-29.5 11.7-99.5 9-132.1 9s-102.7 2.6-132.1-9c-19.6-7.8-34.7-22.9-42.6-42.6-11.7-29.5-9-99.5-9-132.1s-2.6-102.7 9-132.1c7.8-19.6 22.9-34.7 42.6-42.6 29.5-11.7 99.5-9 132.1-9s102.7-2.6 132.1 9c19.6 7.8 34.7 22.9 42.6 42.6 11.7 29.5 9 99.5 9 132.1s2.7 102.7-9 132.1z\"><\/path>\n\t            <\/svg>Suivre sur Instagram<\/a>\n    <\/span>\n\t\n<\/div>\n\n\t\t<span class=\"sbi_resized_image_data\" data-feed-id=\"sbi_17841451182846739#20\" data-resized=\"[]\">\n\t<\/span>\n\t<\/div>\n\n\n\n\n<p><\/p>\n","protected":false},"excerpt":{"rendered":"<p>Suivez nous sur Instagram<\/p>\n","protected":false},"author":1,"featured_media":0,"parent":0,"menu_order":0,"comment_status":"closed","ping_status":"closed","template":"","meta":[],"_links":{"self":[{"href":"https:\/\/philippemultiservices.ovh\/index.php\/wp-json\/wp\/v2\/pages\/277"}],"collection":[{"href":"https:\/\/philippemultiservices.ovh\/index.php\/wp-json\/wp\/v2\/pages"}],"about":[{"href":"https:\/\/philippemultiservices.ovh\/index.php\/wp-json\/wp\/v2\/types\/page"}],"author":[{"embeddable":true,"href":"https:\/\/philippemultiservices.ovh\/index.php\/wp-json\/wp\/v2\/users\/1"}],"replies":[{"embeddable":true,"href":"https:\/\/philippemultiservices.ovh\/index.php\/wp-json\/wp\/v2\/comments?post=277"}],"version-history":[{"count":28,"href":"https:\/\/philippemultiservices.ovh\/index.php\/wp-json\/wp\/v2\/pages\/277\/revisions"}],"predecessor-version":[{"id":881,"href":"https:\/\/philippemultiservices.ovh\/index.php\/wp-json\/wp\/v2\/pages\/277\/revisions\/881"}],"wp:attachment":[{"href":"https:\/\/philippemultiservices.ovh\/index.php\/wp-json\/wp\/v2\/media?parent=277"}],"curies":[{"name":"wp","href":"https:\/\/api.w.org\/{rel}","templated":true}]}}