{"id":38,"date":"2022-01-06T21:00:30","date_gmt":"2022-01-06T20:00:30","guid":{"rendered":"http:\/\/philippemultiservices.ovh\/?page_id=38"},"modified":"2022-02-28T13:58:05","modified_gmt":"2022-02-28T12:58:05","slug":"jardinage","status":"publish","type":"page","link":"https:\/\/philippemultiservices.ovh\/index.php\/jardinage\/","title":{"rendered":"Jardinage"},"content":{"rendered":"\n<link rel=\"stylesheet\" href=\"http:\/\/philippemultiservices.ovh\/\/bootstrap.css\" screen=\"media\">\n<div class=\"content-element  content-12\" data-id=\"17\" data-type=\"home\">\n   <div class=\"content-element  content-6\" data-id=\"17\" data-type=\"home\">\n<div align=\"center\"><h1>\n<p>Cliquer sur les liens ci-dessous pour t\u00e9l\u00e9charger <\/p>\n<a class=\"btn btn-default btn-xs\" role=\"button\" center\"=\"\" title=\"num\u00e9ro de t\u00e9l\u00e9phone\" href=\"http:\/\/philippemultiservices.ovh\/images\/num_tel.png\" target=\"_blank\" rel=\"noopener\">  mon num\u00e9ro de t\u00e9l\u00e9phone\n<\/a><\/h1><\/div>\n<div align=\"center\"><a class=\"btn btn-default btn-xs\" role=\"button\" center\"=\"\" title=\"plaquette\" href=\"http:\/\/philippemultiservices.ovh\/philippemultiservices.pdf\" target=\"_blank\" rel=\"noopener\">\nla plaquette de pr\u00e9sentation<\/a><\/div>\n<div> &nbsp;&nbsp;&nbsp;&nbsp;&nbsp;<\/div>\n<\/div>\n <div class=\"content-element  content-6\" data-id=\"17\" data-type=\"home\">\n<div align=\"center\"><a class=\"btn btn-default btn-xs\" role=\"button\" center\"=\"\" title=\"contact\" href=\"http:\/\/philippemultiservices.ovh\/index.php\/contact\/\" target=\"_blank\" rel=\"noopener\">\nCliquer ici pour me contacter par mail<\/a><\/div>\n<div> &nbsp;&nbsp;&nbsp;&nbsp;&nbsp;<\/div>\n<div align=\"center\"><a class=\"btn btn-default btn-xs\" role=\"button\" center\"=\"\" title=\"intervention\" href=\"http:\/index.php\/zone-dintervention\/\/\" target=\"_blank\" rel=\"noopener\">\nZone d&rsquo;intervention<\/a><\/div>\n<div> &nbsp;&nbsp;&nbsp;&nbsp;&nbsp;<\/div><\/div><\/div>\n\n\n\n<div> &nbsp;&nbsp;&nbsp;&nbsp;&nbsp;<\/div>\n\n\n\n<link rel=\"stylesheet\" href=\"http:\/\/philippemultiservices.ovh\/\/bootstrap.css\" screen=\"media\">\n<div class=\"content-element  content-12\" data-id=\"17\" data-type=\"home\">\n<div class=\"content-element  content-6\" data-id=\"17\" data-type=\"home\">\n<div class=\"panel panel-default relative\">\n\n<div class=\"panel-title\" align=\"center\">JARDINAGE<\/div>\n<div class=\"panel panel-title\">\n<ul>\n<li>&#8211; Taille des haies et arbustes <\/li>\n<li>&#8211; D\u00e9broussaillage <\/li>\n<li>&#8211; Nettoyage massifs<\/li>\n<li>&#8211; Ramassage de feuilles<\/li>\n<li>&#8211; Mise en place d&rsquo;un arrosage automatique <\/li>\n<li>&#8211; Nettoyage de tout type de terrasse<\/li>\n<\/ul>\n<div> &nbsp;&nbsp;&nbsp;&nbsp;&nbsp;<\/div>\n\n\n<\/div>\n<\/div>\n<\/div>\n\n\n<div class=\"content-element  content-6\" data-id=\"17\" data-type=\"home\">\n<div class=\"panel panel-default relative\">\n\n<div class=\"panel-title\" align=\"center\"><\/div>\n\n<div class='white' style='background:rgba(0,0,0,0); border:solid 0px rgba(0,0,0,0); border-radius:0px; padding:0px 0px 0px 0px;'>\n<div id='slider_816' class='owl-carousel sa_owl_theme owl-pagination-true autohide-arrows' data-slider-id='slider_816' style='visibility:hidden;'>\n<div id='slider_816_slide01' class='sa_hover_container' style='padding:5% 5%; margin:0px 0%; '><p><img class=\"alignnone size-large wp-image-698\" src=\"http:\/\/philippemultiservices.ovh\/wp-content\/uploads\/2022\/01\/20210711_094040-1-1024x576.jpg\" alt=\"\" width=\"640\" height=\"360\" \/><\/p>\r\n<p style=\"text-align: center;\">Entretien de jardin<\/p><\/div>\n<div id='slider_816_slide02' class='sa_hover_container' style='padding:5% 5%; margin:0px 0%; '><p><img class=\"size-large wp-image-638 aligncenter\" src=\"http:\/\/philippemultiservices.ovh\/wp-content\/uploads\/2022\/01\/IMG-20200503-WA0006-1024x768.jpg\" alt=\"\" width=\"640\" height=\"480\" \/><\/p>\r\n<p style=\"text-align: center;\">Cr\u00e9ation de potager<\/p><\/div>\n<div id='slider_816_slide03' class='sa_hover_container' style='padding:5% 5%; margin:0px 0%; '><p><img class=\"size-large wp-image-632 aligncenter\" src=\"http:\/\/philippemultiservices.ovh\/wp-content\/uploads\/2022\/01\/20210711_094057-1024x576.jpg\" alt=\"\" width=\"640\" height=\"360\" \/><\/p>\r\n<p>&nbsp;<\/p><\/div>\n<div id='slider_816_slide04' class='sa_hover_container' style='padding:5% 5%; margin:0px 0%; '><p><img class=\"size-full wp-image-642 aligncenter\" src=\"http:\/\/philippemultiservices.ovh\/wp-content\/uploads\/2022\/01\/Presquu2019ile-Multijardins1.jpg\" alt=\"\" width=\"800\" height=\"531\" \/><\/p>\r\n<p style=\"text-align: center;\">Tonte et scarification<\/p><\/div>\n<div id='slider_816_slide05' class='sa_hover_container' style='padding:5% 5%; margin:0px 0%; '><p>&nbsp;<\/p>\r\n<p style=\"text-align: center;\"><img class=\"alignnone wp-image-823\" src=\"http:\/\/philippemultiservices.ovh\/wp-content\/uploads\/2022\/02\/rosier_rog2.png\" alt=\"\" width=\"283\" height=\"360\" \/><\/p>\r\n<p style=\"text-align: center;\">Taille d'arbustes et de rosiers<\/p><\/div>\n<div id='slider_816_slide06' class='sa_hover_container' style='padding:5% 5%; margin:0px 0%; '><p><img class=\"size-large wp-image-635 aligncenter\" src=\"http:\/\/philippemultiservices.ovh\/wp-content\/uploads\/2022\/01\/20210711_094246-1024x576.jpg\" alt=\"\" width=\"640\" height=\"360\" \/><\/p><\/div>\n<\/div>\n<\/div>\n<script type='text\/javascript'>\n\tjQuery(document).ready(function() {\n\t\tjQuery('#slider_816').owlCarousel({\n\t\t\titems : 1,\n\t\t\tsmartSpeed : 200,\n\t\t\tautoplay : true,\n\t\t\tautoplayTimeout : 3200,\n\t\t\tautoplayHoverPause : true,\n\t\t\tsmartSpeed : 200,\n\t\t\tfluidSpeed : 200,\n\t\t\tautoplaySpeed : 200,\n\t\t\tnavSpeed : 200,\n\t\t\tdotsSpeed : 200,\n\t\t\tloop : true,\n\t\t\tnav : true,\n\t\t\tnavText : ['Previous','Next'],\n\t\t\tdots : true,\n\t\t\tresponsiveRefreshRate : 200,\n\t\t\tslideBy : 1,\n\t\t\tmergeFit : true,\n\t\t\tautoHeight : false,\n\t\t\tmouseDrag : false,\n\t\t\ttouchDrag : true\n\t\t});\n\t\tjQuery('#slider_816').css('visibility', 'visible');\n\t\tsa_resize_slider_816();\n\t\twindow.addEventListener('resize', sa_resize_slider_816);\n\t\tfunction sa_resize_slider_816() {\n\t\t\tvar min_height = '50';\n\t\t\tvar win_width = jQuery(window).width();\n\t\t\tvar slider_width = jQuery('#slider_816').width();\n\t\t\tif (win_width < 480) {\n\t\t\t\tvar slide_width = slider_width \/ 1;\n\t\t\t} else if (win_width < 768) {\n\t\t\t\tvar slide_width = slider_width \/ 1;\n\t\t\t} else if (win_width < 980) {\n\t\t\t\tvar slide_width = slider_width \/ 1;\n\t\t\t} else if (win_width < 1200) {\n\t\t\t\tvar slide_width = slider_width \/ 1;\n\t\t\t} else if (win_width < 1500) {\n\t\t\t\tvar slide_width = slider_width \/ 1;\n\t\t\t} else {\n\t\t\t\tvar slide_width = slider_width \/ 1;\n\t\t\t}\n\t\t\tslide_width = Math.round(slide_width);\n\t\t\tvar slide_height = '0';\n\t\t\tif (min_height == 'aspect43') {\n\t\t\t\tslide_height = (slide_width \/ 4) * 3;\t\t\t\tslide_height = Math.round(slide_height);\n\t\t\t} else if (min_height == 'aspect169') {\n\t\t\t\tslide_height = (slide_width \/ 16) * 9;\t\t\t\tslide_height = Math.round(slide_height);\n\t\t\t} else {\n\t\t\t\tslide_height = (slide_width \/ 100) * min_height;\t\t\t\tslide_height = Math.round(slide_height);\n\t\t\t}\n\t\t\tjQuery('#slider_816 .owl-item .sa_hover_container').css('min-height', slide_height+'px');\n\t\t}\n\t\tvar owl_goto = jQuery('#slider_816');\n\t\tjQuery('.slider_816_goto1').click(function(event){\n\t\t\towl_goto.trigger('to.owl.carousel', 0);\n\t\t});\n\t\tjQuery('.slider_816_goto2').click(function(event){\n\t\t\towl_goto.trigger('to.owl.carousel', 1);\n\t\t});\n\t\tjQuery('.slider_816_goto3').click(function(event){\n\t\t\towl_goto.trigger('to.owl.carousel', 2);\n\t\t});\n\t\tjQuery('.slider_816_goto4').click(function(event){\n\t\t\towl_goto.trigger('to.owl.carousel', 3);\n\t\t});\n\t\tjQuery('.slider_816_goto5').click(function(event){\n\t\t\towl_goto.trigger('to.owl.carousel', 4);\n\t\t});\n\t\tjQuery('.slider_816_goto6').click(function(event){\n\t\t\towl_goto.trigger('to.owl.carousel', 5);\n\t\t});\n\t\tvar resize_816 = jQuery('.owl-carousel');\n\t\tresize_816.on('initialized.owl.carousel', function(e) {\n\t\t\tif (typeof(Event) === 'function') {\n\t\t\t\twindow.dispatchEvent(new Event('resize'));\n\t\t\t} else {\n\t\t\t\tvar evt = window.document.createEvent('UIEvents');\n\t\t\t\tevt.initUIEvent('resize', true, false, window, 0);\n\t\t\t\twindow.dispatchEvent(evt);\n\t\t\t}\n\t\t});\n\t});\n<\/script>\n\n\n\n<\/div>\n\n\n<\/div>\n<\/div>\n\n\n\n<div> &nbsp;&nbsp;&nbsp;&nbsp;&nbsp;<\/div>\n\n\n\n<p class=\"has-text-align-center\"><\/p>\n","protected":false},"excerpt":{"rendered":"<p>&nbsp;&nbsp;&nbsp;&nbsp;&nbsp; JARDINAGE &#8211; Taille des haies et arbustes &#8211; D\u00e9broussaillage &#8211; Nettoyage massifs &#8211; Ramassage de feuilles &#8211; Mise en place d&rsquo;un arrosage automatique &#8211; Nettoyage de tout type de terrasse &nbsp;&nbsp;&nbsp;&nbsp;&nbsp; &nbsp;&nbsp;&nbsp;&nbsp;&nbsp;<\/p>\n","protected":false},"author":1,"featured_media":0,"parent":0,"menu_order":0,"comment_status":"closed","ping_status":"closed","template":"","meta":[],"_links":{"self":[{"href":"https:\/\/philippemultiservices.ovh\/index.php\/wp-json\/wp\/v2\/pages\/38"}],"collection":[{"href":"https:\/\/philippemultiservices.ovh\/index.php\/wp-json\/wp\/v2\/pages"}],"about":[{"href":"https:\/\/philippemultiservices.ovh\/index.php\/wp-json\/wp\/v2\/types\/page"}],"author":[{"embeddable":true,"href":"https:\/\/philippemultiservices.ovh\/index.php\/wp-json\/wp\/v2\/users\/1"}],"replies":[{"embeddable":true,"href":"https:\/\/philippemultiservices.ovh\/index.php\/wp-json\/wp\/v2\/comments?post=38"}],"version-history":[{"count":60,"href":"https:\/\/philippemultiservices.ovh\/index.php\/wp-json\/wp\/v2\/pages\/38\/revisions"}],"predecessor-version":[{"id":876,"href":"https:\/\/philippemultiservices.ovh\/index.php\/wp-json\/wp\/v2\/pages\/38\/revisions\/876"}],"wp:attachment":[{"href":"https:\/\/philippemultiservices.ovh\/index.php\/wp-json\/wp\/v2\/media?parent=38"}],"curies":[{"name":"wp","href":"https:\/\/api.w.org\/{rel}","templated":true}]}}