{"id":459,"date":"2022-01-27T15:23:32","date_gmt":"2022-01-27T14:23:32","guid":{"rendered":"https:\/\/philippemultiservices.ovh\/?page_id=459"},"modified":"2022-02-28T14:06:40","modified_gmt":"2022-02-28T13:06:40","slug":"zone-dintervention","status":"publish","type":"page","link":"https:\/\/philippemultiservices.ovh\/index.php\/zone-dintervention\/","title":{"rendered":"Zone d&rsquo;intervention"},"content":{"rendered":"\n<p class=\"has-text-align-center\"><\/p>\n\n\n\n<h2><div align=\"center\">Philippemultiservices37<p> est une entreprise du d\u00e9partement d\u2019Indre et Loire (37 )<\/p><p> bas\u00e9e \u00e0 Savonni\u00e8res et les interventions ont lieu a priori dans la zone ci-dessous<\/p><\/div><\/h2>\n\n\n\n<div> &nbsp;&nbsp;&nbsp;&nbsp;&nbsp;<\/div>\n\n\n\n<div class=\"wp-block-image\"><figure class=\"aligncenter size-full\"><img loading=\"lazy\" width=\"414\" height=\"511\" src=\"https:\/\/philippemultiservices.ovh\/wp-content\/uploads\/2022\/01\/zonephil.png\" alt=\"\" class=\"wp-image-463\" srcset=\"https:\/\/philippemultiservices.ovh\/wp-content\/uploads\/2022\/01\/zonephil.png 414w, https:\/\/philippemultiservices.ovh\/wp-content\/uploads\/2022\/01\/zonephil-243x300.png 243w\" sizes=\"(max-width: 414px) 100vw, 414px\" \/><\/figure><\/div>\n\n\n\n<div align=\"center\"><h2>N&rsquo;h\u00e9sitez pas \u00e0 me contacter pour des interventions en dehors de ce secteur<\/h2><\/div>\n\n\n\n<link rel=\"stylesheet\" href=\"http:\/\/philippemultiservices.ovh\/\/bootstrap.css\" screen=\"media\">\n<div class=\"content-element  content-12\" data-id=\"17\" data-type=\"home\">\n   <div class=\"content-element  content-6\" data-id=\"17\" data-type=\"home\">\n<div align=\"center\"><h1>\n<p>Cliquer sur les liens ci-dessous pour t\u00e9l\u00e9charger <\/p>\n<a class=\"btn btn-default btn-xs\" role=\"button\" center\"=\"\" title=\"num\u00e9ro de t\u00e9l\u00e9phone\" href=\"http:\/\/philippemultiservices.ovh\/images\/num_tel.png\" target=\"_blank\" rel=\"noopener\">  mon num\u00e9ro de t\u00e9l\u00e9phone\n<\/a><\/h1><\/div>\n<div align=\"center\"><a class=\"btn btn-default btn-xs\" role=\"button\" center\"=\"\" title=\"plaquette\" href=\"http:\/\/philippemultiservices.ovh\/philippemultiservices.pdf\" target=\"_blank\" rel=\"noopener\">\nla plaquette de pr\u00e9sentation<\/a><\/div>\n<div> &nbsp;&nbsp;&nbsp;&nbsp;&nbsp;<\/div>\n<\/div>\n <div class=\"content-element  content-6\" data-id=\"17\" data-type=\"home\">\n<div align=\"center\"><a class=\"btn btn-default btn-xs\" role=\"button\" center\"=\"\" title=\"contact\" href=\"http:\/\/philippemultiservices.ovh\/index.php\/contact\/\" target=\"_blank\" rel=\"noopener\">\nCliquer ici pour me contacter par mail<\/a><\/div>\n<div> &nbsp;&nbsp;&nbsp;&nbsp;&nbsp;<\/div>\n<div align=\"center\"><a class=\"btn btn-default btn-xs\" role=\"button\" center\"=\"\" title=\"intervention\" href=\"http:\/index.php\/zone-dintervention\/\/\" target=\"_blank\" rel=\"noopener\">\nZone d&rsquo;intervention<\/a><\/div>\n<div> &nbsp;&nbsp;&nbsp;&nbsp;&nbsp;<\/div><\/div><\/div>\n","protected":false},"excerpt":{"rendered":"<p>Philippemultiservices37 est une entreprise du d\u00e9partement d\u2019Indre et Loire (37 ) bas\u00e9e \u00e0 Savonni\u00e8res et les interventions ont lieu a priori dans la zone ci-dessous &nbsp;&nbsp;&nbsp;&nbsp;&nbsp; N&rsquo;h\u00e9sitez pas \u00e0 me contacter pour des interventions en dehors de ce secteur<\/p>\n","protected":false},"author":2,"featured_media":0,"parent":0,"menu_order":0,"comment_status":"closed","ping_status":"closed","template":"","meta":[],"_links":{"self":[{"href":"https:\/\/philippemultiservices.ovh\/index.php\/wp-json\/wp\/v2\/pages\/459"}],"collection":[{"href":"https:\/\/philippemultiservices.ovh\/index.php\/wp-json\/wp\/v2\/pages"}],"about":[{"href":"https:\/\/philippemultiservices.ovh\/index.php\/wp-json\/wp\/v2\/types\/page"}],"author":[{"embeddable":true,"href":"https:\/\/philippemultiservices.ovh\/index.php\/wp-json\/wp\/v2\/users\/2"}],"replies":[{"embeddable":true,"href":"https:\/\/philippemultiservices.ovh\/index.php\/wp-json\/wp\/v2\/comments?post=459"}],"version-history":[{"count":32,"href":"https:\/\/philippemultiservices.ovh\/index.php\/wp-json\/wp\/v2\/pages\/459\/revisions"}],"predecessor-version":[{"id":882,"href":"https:\/\/philippemultiservices.ovh\/index.php\/wp-json\/wp\/v2\/pages\/459\/revisions\/882"}],"wp:attachment":[{"href":"https:\/\/philippemultiservices.ovh\/index.php\/wp-json\/wp\/v2\/media?parent=459"}],"curies":[{"name":"wp","href":"https:\/\/api.w.org\/{rel}","templated":true}]}}