{"id":59,"date":"2022-01-06T21:54:10","date_gmt":"2022-01-06T20:54:10","guid":{"rendered":"http:\/\/philippemultiservices.ovh\/?page_id=59"},"modified":"2022-03-01T13:52:48","modified_gmt":"2022-03-01T12:52:48","slug":"nos-competences","status":"publish","type":"page","link":"https:\/\/philippemultiservices.ovh\/","title":{"rendered":"Comp\u00e9tences"},"content":{"rendered":"\n<p>      <\/p>\n\n\n\n<p class=\"has-text-align-center\">+<\/p>\n\n\n\n\n\n<p class=\"has-text-align-center\"><\/p>\n\n\n\n<h2><div align=\"center\">Philippemultiservices37 est une entreprise de jardinage et de bricolage situ\u00e9e \u00e0 Savonni\u00e8res (37)<\/div><\/h2>\n<div> &nbsp;&nbsp;&nbsp;&nbsp;&nbsp;<\/div>\n\n\n\n<link rel=\"stylesheet\" href=\"http:\/\/philippemultiservices.ovh\/\/bootstrap.css\" screen=\"media\">\n<div class=\"content-element  content-12\" data-id=\"17\" data-type=\"home\">\n   <div class=\"content-element  content-6\" data-id=\"17\" data-type=\"home\">\n<div align=\"center\"><h1>\n<p>Cliquer sur les liens ci-dessous pour t\u00e9l\u00e9charger <\/p>\n<a class=\"btn btn-default btn-xs\" role=\"button\" center\"=\"\" title=\"num\u00e9ro de t\u00e9l\u00e9phone\" href=\"http:\/\/philippemultiservices.ovh\/images\/num_tel.png\" target=\"_blank\" rel=\"noopener\">  mon num\u00e9ro de t\u00e9l\u00e9phone\n<\/a><\/h1><\/div>\n<div align=\"center\"><a class=\"btn btn-default btn-xs\" role=\"button\" center\"=\"\" title=\"plaquette\" href=\"http:\/\/philippemultiservices.ovh\/philippemultiservices.pdf\" target=\"_blank\" rel=\"noopener\">\nla plaquette de pr\u00e9sentation<\/a><\/div>\n<div> &nbsp;&nbsp;&nbsp;&nbsp;&nbsp;<\/div>\n<\/div>\n <div class=\"content-element  content-6\" data-id=\"17\" data-type=\"home\">\n<div align=\"center\"><a class=\"btn btn-default btn-xs\" role=\"button\" center\"=\"\" title=\"contact\" href=\"http:\/\/philippemultiservices.ovh\/index.php\/contact\/\" target=\"_blank\" rel=\"noopener\">\nCliquer ici pour me contacter par mail<\/a><\/div>\n<div> &nbsp;&nbsp;&nbsp;&nbsp;&nbsp;<\/div>\n<div align=\"center\"><a class=\"btn btn-default btn-xs\" role=\"button\" center\"=\"\" title=\"intervention\" href=\"http:\/index.php\/zone-dintervention\/\/\" target=\"_blank\" rel=\"noopener\">\nZone d&rsquo;intervention<\/a><\/div>\n<div> &nbsp;&nbsp;&nbsp;&nbsp;&nbsp;<\/div><\/div><\/div>\n\n\n\n\n\n\n\n<link rel=\"stylesheet\" href=\"http:\/\/philippemultiservices.ovh\/\/bootstrap.css\" screen=\"media\">\n   <div class=\"content-element  content-12\" data-id=\"17\" data-type=\"home\">\n   <div class=\"content-element  content-6\" data-id=\"17\" data-type=\"home\">\n                    <div class=\"panel panel-default relative\">\n  <div class=\"panel-heading\">\n            <!---TITRE A MODIFIER-->\n            <h2 class=\"panel-title\" align=\"center\"><a href=\"\/\/philippemultiservices.ovh\/index.php\/jardinage\/\" target=\"_blank\" rel=\"noopener\">JARDINAGE\n\t\t\t<p>Tonte, Taille des haies, Entretien..<\/p><\/a>\n            <!--FIN TITRE A MODIFIER-->\n          <\/h2><\/div>\n                      <div class=\"panel-body\">\n                        <div align=\"center\"><a btn-default=\"\" href=\"http:\/\/philippemultiservices.ovh\/index.php\/jardinage\/\" target=\"_blank\" rel=\"noopener\"><img src=\"http:\/\/philippemultiservices.ovh\/images\/jardinage.jpg\" alt=\"jardinage\" title=\"jardinage\"><\/a>\n                          <p><a class=\"btn btn-default btn-xs\" href=\"http:\/\/philippemultiservices.ovh\/index.php\/jardinage\/\" target=\"_blank\" rel=\"noopener\">Jardinage<\/a><\/p>\n                        <\/div>\n                      <\/div>\n                    <\/div>\n                  <\/div>\n   <div class=\"content-element  content-6\" data-id=\"17\" data-type=\"home\">\n\n                    <div class=\"panel panel-default relative\">\n  <div class=\"panel-heading\">\n            <!---TITRE A MODIFIER-->\n            <h3 class=\"panel-title\" align=\"center\"><a href=\"http:\/\/philippemultiservices.ovh\/index.php\/bricolage\/\" target=\" _blank\" rel=\"noopener\">BRICOLAGE <p>Tous types de bricolage: \u00c9lectricit\u00e9, Peintures&#8230;<\/p><\/a><\/h3>\n            <!--FIN TITRE A MODIFIER-->\n          <\/div>\n                      <div class=\"panel-body\">\n                        <div align=\"center\"><a href=\"http:\/\/philippemultiservices.ovh\/index.php\/bricolage\/\" target=\" _blank\" rel=\"noopener\"><img src=\"http:\/\/philippemultiservices.ovh\/images\/bricolage.jpg\" alt=\"bricolage\" title=\"bricolage\"><\/a>\n                          <p><a class=\"btn btn-default btn-xs\" href=\"http:\/\/philippemultiservices.ovh\/index.php\/bricolage\/\" target=\" _blank\" rel=\"noopener\">Bricolage<\/a><\/p>\n                        <\/div>\n                      <\/div>\n                    <\/div>\n                  <\/div>\n\n<\/div>\n\n\n\n<p><\/p>\n\n\n\n<p><\/p>\n\n\n\n<figure class=\"wp-block-table\"><table><tbody><tr><td class=\"has-text-align-right\" data-align=\"right\"><\/td><td class=\"has-text-align-left\" data-align=\"left\"><\/td><\/tr><tr><td class=\"has-text-align-right\" data-align=\"right\"><\/td><td class=\"has-text-align-left\" data-align=\"left\"><\/td><\/tr><\/tbody><\/table><\/figure>\n\n\n","protected":false},"excerpt":{"rendered":"<p>+ Philippemultiservices37 est une entreprise de jardinage et de bricolage situ\u00e9e \u00e0 Savonni\u00e8res (37) &nbsp;&nbsp;&nbsp;&nbsp;&nbsp; JARDINAGE Tonte, Taille des haies, Entretien.. Jardinage BRICOLAGE Tous types de bricolage: \u00c9lectricit\u00e9, Peintures&#8230; Bricolage<\/p>\n","protected":false},"author":1,"featured_media":0,"parent":0,"menu_order":0,"comment_status":"closed","ping_status":"closed","template":"","meta":[],"_links":{"self":[{"href":"https:\/\/philippemultiservices.ovh\/index.php\/wp-json\/wp\/v2\/pages\/59"}],"collection":[{"href":"https:\/\/philippemultiservices.ovh\/index.php\/wp-json\/wp\/v2\/pages"}],"about":[{"href":"https:\/\/philippemultiservices.ovh\/index.php\/wp-json\/wp\/v2\/types\/page"}],"author":[{"embeddable":true,"href":"https:\/\/philippemultiservices.ovh\/index.php\/wp-json\/wp\/v2\/users\/1"}],"replies":[{"embeddable":true,"href":"https:\/\/philippemultiservices.ovh\/index.php\/wp-json\/wp\/v2\/comments?post=59"}],"version-history":[{"count":126,"href":"https:\/\/philippemultiservices.ovh\/index.php\/wp-json\/wp\/v2\/pages\/59\/revisions"}],"predecessor-version":[{"id":901,"href":"https:\/\/philippemultiservices.ovh\/index.php\/wp-json\/wp\/v2\/pages\/59\/revisions\/901"}],"wp:attachment":[{"href":"https:\/\/philippemultiservices.ovh\/index.php\/wp-json\/wp\/v2\/media?parent=59"}],"curies":[{"name":"wp","href":"https:\/\/api.w.org\/{rel}","templated":true}]}}