{"id":72,"date":"2022-01-06T22:46:12","date_gmt":"2022-01-06T21:46:12","guid":{"rendered":"http:\/\/philippemultiservices.ovh\/?page_id=72"},"modified":"2022-02-28T00:02:42","modified_gmt":"2022-02-27T23:02:42","slug":"contact","status":"publish","type":"page","link":"https:\/\/philippemultiservices.ovh\/index.php\/contact\/","title":{"rendered":"Contact"},"content":{"rendered":"\n<link rel=\"stylesheet\" href=\"http:\/\/philippemultiservices.ovh\/\/bootstrap.css\" screen=\"media\">\n<div align=\"center\"><h1>Pour me contacter t\u00e9l\u00e9charger\n<a class=\"btn btn-default btn-xs\" role=\"button\" center\"=\"\" title=\"plaquette\" href=\"http:\/\/philippemultiservices.ovh\/images\/num_tel.png\" target=\"_blank\" rel=\"noopener\">mon num\u00e9ro de t\u00e9l\u00e9phone\n<\/a><\/h1><\/div>\n<div align=\"center\"><h1>ou  remplissez le formulaire ci-dessous et je vous r\u00e9pondrai dans les plus brefs d\u00e9lais<\/h1><\/div>\n\n\n\n<p class=\"has-text-align-center\"><strong> <\/strong><\/p>\n\n\n\n<p class=\"has-text-align-center\"><\/p>\n\n\n\n<div role=\"form\" class=\"wpcf7\" id=\"wpcf7-f418-o1\" lang=\"fr-FR\" dir=\"ltr\">\n<div class=\"screen-reader-response\"><p role=\"status\" aria-live=\"polite\" aria-atomic=\"true\"><\/p> <ul><\/ul><\/div>\n<form action=\"\/index.php\/wp-json\/wp\/v2\/pages\/72#wpcf7-f418-o1\" method=\"post\" class=\"wpcf7-form init\" novalidate=\"novalidate\" data-status=\"init\">\n<div style=\"display: none;\">\n<input type=\"hidden\" name=\"_wpcf7\" value=\"418\" \/>\n<input type=\"hidden\" name=\"_wpcf7_version\" value=\"5.5.3\" \/>\n<input type=\"hidden\" name=\"_wpcf7_locale\" value=\"fr_FR\" \/>\n<input type=\"hidden\" name=\"_wpcf7_unit_tag\" value=\"wpcf7-f418-o1\" \/>\n<input type=\"hidden\" name=\"_wpcf7_container_post\" value=\"0\" \/>\n<input type=\"hidden\" name=\"_wpcf7_posted_data_hash\" value=\"\" \/>\n<\/div>\n<p><label> Votre nom<br \/>\n    <span class=\"wpcf7-form-control-wrap your-name\"><input type=\"text\" name=\"your-name\" value=\"\" size=\"40\" class=\"wpcf7-form-control wpcf7-text wpcf7-validates-as-required\" aria-required=\"true\" aria-invalid=\"false\" \/><\/span> <\/label><\/p>\n<p><label> Votre e-mail<br \/>\n    <span class=\"wpcf7-form-control-wrap your-email\"><input type=\"email\" name=\"your-email\" value=\"\" size=\"40\" class=\"wpcf7-form-control wpcf7-text wpcf7-email wpcf7-validates-as-required wpcf7-validates-as-email\" aria-required=\"true\" aria-invalid=\"false\" \/><\/span> <\/label><\/p>\n<p><label> Votre t\u00e9l\u00e9phone<br \/>\n  <span class=\"wpcf7-form-control-wrap tel-758\"><input type=\"tel\" name=\"tel-758\" value=\"\" size=\"40\" class=\"wpcf7-form-control wpcf7-text wpcf7-tel wpcf7-validates-as-tel\" aria-invalid=\"false\" \/><\/span> <\/label><\/p>\n<p><label> Objet<br \/>\n    <span class=\"wpcf7-form-control-wrap your-subject\"><input type=\"text\" name=\"your-subject\" value=\"\" size=\"40\" class=\"wpcf7-form-control wpcf7-text wpcf7-validates-as-required\" aria-required=\"true\" aria-invalid=\"false\" \/><\/span> <\/label><\/p>\n<p><label> Votre message (facultatif)<br \/>\n    <span class=\"wpcf7-form-control-wrap your-message\"><textarea name=\"your-message\" cols=\"40\" rows=\"10\" class=\"wpcf7-form-control wpcf7-textarea\" aria-invalid=\"false\"><\/textarea><\/span> <\/label><\/p>\n<p><input type=\"submit\" value=\"Envoyer\" class=\"wpcf7-form-control has-spinner wpcf7-submit\" \/><\/p>\n<div class=\"wpcf7-response-output\" aria-hidden=\"true\"><\/div><\/form><\/div>\n\n\n\n<link rel=\"stylesheet\" href=\"http:\/\/philippemultiservices.ovh\/\/bootstrap.css\" screen=\"media\">\n<div class=\"content-element  content-12\" data-id=\"17\" data-type=\"home\">\n<div class=\"content-element  content-6\" data-id=\"17\" data-type=\"home\">\n<div class=\"panel-title\" align=\"center\"><a btn-default=\"\" class=\"btn btn-default btn-xs\" href=\"http:\/\/philippemultiservices.ovh\/index.php\/travaux-interieur\/\" target=\"_blank\" rel=\"noopener\">TRAVAUX \u00ab INT\u00c9RIEUR \u00bb<\/a><\/div>\n<div class=\"panel panel-title\">\n<div align=\"center\"><div class='white' style='background:rgba(0,0,0,0); border:solid 0px rgba(0,0,0,0); border-radius:0px; padding:0px 0px 0px 0px;'>\n<div id='slider_755' class='owl-carousel sa_owl_theme owl-pagination-true autohide-arrows' data-slider-id='slider_755' style='visibility:hidden;'>\n<div id='slider_755_slide01' class='sa_hover_container' style='padding:5% 5%; margin:0px 0%; '><p><img class=\"alignnone wp-image-650 size-medium\" src=\"http:\/\/philippemultiservices.ovh\/wp-content\/uploads\/2022\/01\/20170104_170319-1-300x225.jpg\" alt=\"cuisine\" width=\"400\" height=\"300\" \/><\/p>\r\n<p>Montage de cuisine<\/p><\/div>\n<div id='slider_755_slide02' class='sa_hover_container' style='padding:5% 5%; margin:0px 0%; '><p>&nbsp;<\/p>\r\n<p><img class=\"size-medium wp-image-643\" src=\"http:\/\/philippemultiservices.ovh\/wp-content\/uploads\/2022\/01\/20160830_112432-300x225.jpg\" alt=\"\" width=\"300\" height=\"225\" \/><\/p>\r\n<p>Montage de cuisine<\/p><\/div>\n<div id='slider_755_slide03' class='sa_hover_container' style='padding:5% 5%; margin:0px 0%; '><p><img class=\"size-medium wp-image-648\" src=\"http:\/\/philippemultiservices.ovh\/wp-content\/uploads\/2022\/01\/IMG-20201214-WA0009-169x300.jpg\" alt=\"\" width=\"169\" height=\"300\" \/><\/p>\r\n<p>Montage cuisine<\/p><\/div>\n<div id='slider_755_slide04' class='sa_hover_container' style='padding:5% 5%; margin:0px 0%; '><p><img class=\"alignnone size-medium wp-image-335\" src=\"http:\/\/philippemultiservices.ovh\/wp-content\/uploads\/2022\/01\/20201001_131524-300x169.jpg\" alt=\"\" width=\"300\" height=\"169\" \/><\/p>\r\n<p>Montage de cuisine<\/p><\/div>\n<div id='slider_755_slide05' class='sa_hover_container' style='padding:5% 5%; margin:0px 0%; '><p><img class=\"size-medium wp-image-690 aligncenter\" src=\"http:\/\/philippemultiservices.ovh\/wp-content\/uploads\/2022\/01\/20181209_130728-169x300.jpg\" alt=\"\" width=\"169\" height=\"300\" \/><\/p>\r\n<p>Montage de portes de placard<\/p><\/div>\n<div id='slider_755_slide06' class='sa_hover_container' style='padding:5% 5%; margin:0px 0%; '><p><img class=\"size-medium wp-image-689 aligncenter\" src=\"http:\/\/philippemultiservices.ovh\/wp-content\/uploads\/2022\/01\/20181208_152036-169x300.jpg\" alt=\"\" width=\"169\" height=\"300\" \/><\/p>\r\n<p style=\"text-align: center;\">Montage porte de placard<\/p><\/div>\n<\/div>\n<\/div>\n<script type='text\/javascript'>\n\tjQuery(document).ready(function() {\n\t\tjQuery('#slider_755').owlCarousel({\n\t\t\titems : 1,\n\t\t\tsmartSpeed : 200,\n\t\t\tautoplay : true,\n\t\t\tautoplayTimeout : 3200,\n\t\t\tautoplayHoverPause : true,\n\t\t\tsmartSpeed : 200,\n\t\t\tfluidSpeed : 200,\n\t\t\tautoplaySpeed : 200,\n\t\t\tnavSpeed : 200,\n\t\t\tdotsSpeed : 200,\n\t\t\tloop : true,\n\t\t\tnav : true,\n\t\t\tnavText : ['Previous','Next'],\n\t\t\tdots : true,\n\t\t\tresponsiveRefreshRate : 200,\n\t\t\tslideBy : 1,\n\t\t\tmergeFit : true,\n\t\t\tautoHeight : false,\n\t\t\tmouseDrag : false,\n\t\t\ttouchDrag : false\n\t\t});\n\t\tjQuery('#slider_755').css('visibility', 'visible');\n\t\tsa_resize_slider_755();\n\t\twindow.addEventListener('resize', sa_resize_slider_755);\n\t\tfunction sa_resize_slider_755() {\n\t\t\tvar min_height = '50';\n\t\t\tvar win_width = jQuery(window).width();\n\t\t\tvar slider_width = jQuery('#slider_755').width();\n\t\t\tif (win_width < 480) {\n\t\t\t\tvar slide_width = slider_width \/ 1;\n\t\t\t} else if (win_width < 768) {\n\t\t\t\tvar slide_width = slider_width \/ 1;\n\t\t\t} else if (win_width < 980) {\n\t\t\t\tvar slide_width = slider_width \/ 1;\n\t\t\t} else if (win_width < 1200) {\n\t\t\t\tvar slide_width = slider_width \/ 1;\n\t\t\t} else if (win_width < 1500) {\n\t\t\t\tvar slide_width = slider_width \/ 1;\n\t\t\t} else {\n\t\t\t\tvar slide_width = slider_width \/ 1;\n\t\t\t}\n\t\t\tslide_width = Math.round(slide_width);\n\t\t\tvar slide_height = '0';\n\t\t\tif (min_height == 'aspect43') {\n\t\t\t\tslide_height = (slide_width \/ 4) * 3;\t\t\t\tslide_height = Math.round(slide_height);\n\t\t\t} else if (min_height == 'aspect169') {\n\t\t\t\tslide_height = (slide_width \/ 16) * 9;\t\t\t\tslide_height = Math.round(slide_height);\n\t\t\t} else {\n\t\t\t\tslide_height = (slide_width \/ 100) * min_height;\t\t\t\tslide_height = Math.round(slide_height);\n\t\t\t}\n\t\t\tjQuery('#slider_755 .owl-item .sa_hover_container').css('min-height', slide_height+'px');\n\t\t}\n\t\tvar owl_goto = jQuery('#slider_755');\n\t\tjQuery('.slider_755_goto1').click(function(event){\n\t\t\towl_goto.trigger('to.owl.carousel', 0);\n\t\t});\n\t\tjQuery('.slider_755_goto2').click(function(event){\n\t\t\towl_goto.trigger('to.owl.carousel', 1);\n\t\t});\n\t\tjQuery('.slider_755_goto3').click(function(event){\n\t\t\towl_goto.trigger('to.owl.carousel', 2);\n\t\t});\n\t\tjQuery('.slider_755_goto4').click(function(event){\n\t\t\towl_goto.trigger('to.owl.carousel', 3);\n\t\t});\n\t\tjQuery('.slider_755_goto5').click(function(event){\n\t\t\towl_goto.trigger('to.owl.carousel', 4);\n\t\t});\n\t\tjQuery('.slider_755_goto6').click(function(event){\n\t\t\towl_goto.trigger('to.owl.carousel', 5);\n\t\t});\n\t\tvar resize_755 = jQuery('.owl-carousel');\n\t\tresize_755.on('initialized.owl.carousel', function(e) {\n\t\t\tif (typeof(Event) === 'function') {\n\t\t\t\twindow.dispatchEvent(new Event('resize'));\n\t\t\t} else {\n\t\t\t\tvar evt = window.document.createEvent('UIEvents');\n\t\t\t\tevt.initUIEvent('resize', true, false, window, 0);\n\t\t\t\twindow.dispatchEvent(evt);\n\t\t\t}\n\t\t});\n\t});\n<\/script>\n<\/div>\n\n<\/div>\n<\/div>\n\n\n<div class=\"content-element  content-6\" data-id=\"17\" data-type=\"home\">\n<div class=\"panel-title\" align=\"center\"><a btn-default=\"\" class=\"btn btn-default btn-xs\" href=\"http:\/\/philippemultiservices.ovh\/index.php\/travaux-amenagement-exterieur\/\" target=\"_blank\" rel=\"noopener\">TRAVAUX \u00ab AM\u00c9NAGEMENT EXT\u00c9RIEUR \u00bb<\/a><\/div>\n<div class=\"panel panel-title\">\n<div align=\"center\"><div class='white' style='background:rgba(0,0,0,0); border:solid 0px rgba(0,0,0,0); border-radius:0px; padding:0px 0px 0px 0px;'>\n<div id='slider_768' class='owl-carousel sa_owl_theme owl-pagination-true autohide-arrows' data-slider-id='slider_768' style='visibility:hidden;'>\n<div id='slider_768_slide01' class='sa_hover_container' style='padding:5% 5%; margin:0px 0%; '><p><img class=\"wp-image-700 size-medium\" src=\"http:\/\/philippemultiservices.ovh\/wp-content\/uploads\/2022\/01\/20200405_125140-1-300x169.jpg\" alt=\"\" width=\"300\" height=\"169\" \/><\/p>\r\n<p>Am\u00e9nagement jardin<\/p><\/div>\n<div id='slider_768_slide02' class='sa_hover_container' style='padding:5% 5%; margin:0px 0%; '><p><img class=\"wp-image-694 size-medium\" src=\"http:\/\/philippemultiservices.ovh\/wp-content\/uploads\/2022\/01\/20171028_140010-169x300.jpg\" alt=\"\" width=\"169\" height=\"300\" \/><\/p>\r\n<p>Construction abri bois<\/p><\/div>\n<div id='slider_768_slide03' class='sa_hover_container' style='padding:5% 5%; margin:0px 0%; '><p><img class=\"alignnone size-medium wp-image-625 aligncenter\" src=\"http:\/\/philippemultiservices.ovh\/wp-content\/uploads\/2022\/01\/20190913_181428-1-300x169.jpg\" alt=\"\" width=\"300\" height=\"169\" \/><\/p>\r\n<p>Installation de palissade<\/p><\/div>\n<div id='slider_768_slide04' class='sa_hover_container' style='padding:5% 5%; margin:0px 0%; '><p><img class=\"alignnone size-medium wp-image-797\" src=\"http:\/\/philippemultiservices.ovh\/wp-content\/uploads\/2022\/02\/montage-300x259.png\" alt=\"\" width=\"300\" height=\"259\" \/><\/p>\r\n<p>Montage cabane de jardin<\/p><\/div>\n<\/div>\n<\/div>\n<script type='text\/javascript'>\n\tjQuery(document).ready(function() {\n\t\tjQuery('#slider_768').owlCarousel({\n\t\t\titems : 1,\n\t\t\tsmartSpeed : 200,\n\t\t\tautoplay : true,\n\t\t\tautoplayTimeout : 3200,\n\t\t\tautoplayHoverPause : true,\n\t\t\tsmartSpeed : 200,\n\t\t\tfluidSpeed : 200,\n\t\t\tautoplaySpeed : 200,\n\t\t\tnavSpeed : 200,\n\t\t\tdotsSpeed : 200,\n\t\t\tloop : true,\n\t\t\tnav : true,\n\t\t\tnavText : ['Previous','Next'],\n\t\t\tdots : true,\n\t\t\tresponsiveRefreshRate : 200,\n\t\t\tslideBy : 1,\n\t\t\tmergeFit : true,\n\t\t\tautoHeight : false,\n\t\t\tmouseDrag : false,\n\t\t\ttouchDrag : true\n\t\t});\n\t\tjQuery('#slider_768').css('visibility', 'visible');\n\t\tsa_resize_slider_768();\n\t\twindow.addEventListener('resize', sa_resize_slider_768);\n\t\tfunction sa_resize_slider_768() {\n\t\t\tvar min_height = '50';\n\t\t\tvar win_width = jQuery(window).width();\n\t\t\tvar slider_width = jQuery('#slider_768').width();\n\t\t\tif (win_width < 480) {\n\t\t\t\tvar slide_width = slider_width \/ 1;\n\t\t\t} else if (win_width < 768) {\n\t\t\t\tvar slide_width = slider_width \/ 1;\n\t\t\t} else if (win_width < 980) {\n\t\t\t\tvar slide_width = slider_width \/ 1;\n\t\t\t} else if (win_width < 1200) {\n\t\t\t\tvar slide_width = slider_width \/ 1;\n\t\t\t} else if (win_width < 1500) {\n\t\t\t\tvar slide_width = slider_width \/ 1;\n\t\t\t} else {\n\t\t\t\tvar slide_width = slider_width \/ 1;\n\t\t\t}\n\t\t\tslide_width = Math.round(slide_width);\n\t\t\tvar slide_height = '0';\n\t\t\tif (min_height == 'aspect43') {\n\t\t\t\tslide_height = (slide_width \/ 4) * 3;\t\t\t\tslide_height = Math.round(slide_height);\n\t\t\t} else if (min_height == 'aspect169') {\n\t\t\t\tslide_height = (slide_width \/ 16) * 9;\t\t\t\tslide_height = Math.round(slide_height);\n\t\t\t} else {\n\t\t\t\tslide_height = (slide_width \/ 100) * min_height;\t\t\t\tslide_height = Math.round(slide_height);\n\t\t\t}\n\t\t\tjQuery('#slider_768 .owl-item .sa_hover_container').css('min-height', slide_height+'px');\n\t\t}\n\t\tvar owl_goto = jQuery('#slider_768');\n\t\tjQuery('.slider_768_goto1').click(function(event){\n\t\t\towl_goto.trigger('to.owl.carousel', 0);\n\t\t});\n\t\tjQuery('.slider_768_goto2').click(function(event){\n\t\t\towl_goto.trigger('to.owl.carousel', 1);\n\t\t});\n\t\tjQuery('.slider_768_goto3').click(function(event){\n\t\t\towl_goto.trigger('to.owl.carousel', 2);\n\t\t});\n\t\tjQuery('.slider_768_goto4').click(function(event){\n\t\t\towl_goto.trigger('to.owl.carousel', 3);\n\t\t});\n\t\tvar resize_768 = jQuery('.owl-carousel');\n\t\tresize_768.on('initialized.owl.carousel', function(e) {\n\t\t\tif (typeof(Event) === 'function') {\n\t\t\t\twindow.dispatchEvent(new Event('resize'));\n\t\t\t} else {\n\t\t\t\tvar evt = window.document.createEvent('UIEvents');\n\t\t\t\tevt.initUIEvent('resize', true, false, window, 0);\n\t\t\t\twindow.dispatchEvent(evt);\n\t\t\t}\n\t\t});\n\t});\n<\/script>\n<\/div>\n\n\n<\/div>\n<\/div>\n<\/div>\n","protected":false},"excerpt":{"rendered":"<p>Pour me contacter t\u00e9l\u00e9charger<\/p>\n","protected":false},"author":1,"featured_media":0,"parent":0,"menu_order":0,"comment_status":"closed","ping_status":"closed","template":"","meta":[],"_links":{"self":[{"href":"https:\/\/philippemultiservices.ovh\/index.php\/wp-json\/wp\/v2\/pages\/72"}],"collection":[{"href":"https:\/\/philippemultiservices.ovh\/index.php\/wp-json\/wp\/v2\/pages"}],"about":[{"href":"https:\/\/philippemultiservices.ovh\/index.php\/wp-json\/wp\/v2\/types\/page"}],"author":[{"embeddable":true,"href":"https:\/\/philippemultiservices.ovh\/index.php\/wp-json\/wp\/v2\/users\/1"}],"replies":[{"embeddable":true,"href":"https:\/\/philippemultiservices.ovh\/index.php\/wp-json\/wp\/v2\/comments?post=72"}],"version-history":[{"count":19,"href":"https:\/\/philippemultiservices.ovh\/index.php\/wp-json\/wp\/v2\/pages\/72\/revisions"}],"predecessor-version":[{"id":849,"href":"https:\/\/philippemultiservices.ovh\/index.php\/wp-json\/wp\/v2\/pages\/72\/revisions\/849"}],"wp:attachment":[{"href":"https:\/\/philippemultiservices.ovh\/index.php\/wp-json\/wp\/v2\/media?parent=72"}],"curies":[{"name":"wp","href":"https:\/\/api.w.org\/{rel}","templated":true}]}}